{"id":8,"date":"2025-01-30T19:20:22","date_gmt":"2025-01-30T19:20:22","guid":{"rendered":"https:\/\/oe20.ch\/?page_id=8"},"modified":"2025-01-31T13:24:56","modified_gmt":"2025-01-31T13:24:56","slug":"organisationsentwicklun-2-0-organisiere-die-selbst-organisation","status":"publish","type":"page","link":"https:\/\/oe20.ch\/","title":{"rendered":"Organisationsentwicklung 2.0 &#8211; organisiere die Selbst-Organisation!"},"content":{"rendered":"\t\t<div data-elementor-type=\"wp-post\" data-elementor-id=\"8\" class=\"elementor elementor-8\">\n\t\t\t\t<div class=\"elementor-element elementor-element-2ebabe3 e-con-full e-flex e-con e-parent\" data-id=\"2ebabe3\" data-element_type=\"container\" data-e-type=\"container\">\n\t\t\t\t<div class=\"elementor-element elementor-element-c6bb9cc elementor-widget elementor-widget-video\" data-id=\"c6bb9cc\" data-element_type=\"widget\" data-e-type=\"widget\" data-settings=\"{&quot;video_type&quot;:&quot;hosted&quot;,&quot;start&quot;:1,&quot;play_on_mobile&quot;:&quot;yes&quot;,&quot;autoplay&quot;:&quot;yes&quot;,&quot;controls&quot;:&quot;yes&quot;}\" data-widget_type=\"video.default\">\n\t\t\t\t<div class=\"elementor-widget-container\">\n\t\t\t\t\t\t\t<div class=\"e-hosted-video elementor-wrapper elementor-open-inline\">\n\t\t\t\t\t<video class=\"elementor-video\" src=\"https:\/\/oe20.ch\/wp-content\/uploads\/2025\/01\/OE-Wissen-veroeffentlichen-Folge-2-b-Repetition-OE1-OE2_1920x1080.mp4#t=1\" autoplay=\"\" controls=\"\" playsinline=\"\" controlsList=\"nodownload\"><\/video>\n\t\t\t\t<\/div>\n\t\t\t\t\t\t<\/div>\n\t\t\t\t<\/div>\n\t\t\t\t<div class=\"elementor-element elementor-element-541e8f2 elementor-widget__width-auto elementor-widget elementor-widget-heading\" data-id=\"541e8f2\" data-element_type=\"widget\" data-e-type=\"widget\" data-widget_type=\"heading.default\">\n\t\t\t\t<div class=\"elementor-widget-container\">\n\t\t\t\t\t<h1 class=\"elementor-heading-title elementor-size-default\">Das Angebot<\/h1>\t\t\t\t<\/div>\n\t\t\t\t<\/div>\n\t\t\t\t<\/div>\n\t\t<div class=\"elementor-element elementor-element-c25ae7b e-con-full e-flex e-con e-parent\" data-id=\"c25ae7b\" data-element_type=\"container\" data-e-type=\"container\">\n\t\t<div class=\"elementor-element elementor-element-71a0b3c e-con-full e-flex e-con e-child\" data-id=\"71a0b3c\" data-element_type=\"container\" data-e-type=\"container\">\n\t\t\t\t<div class=\"elementor-element elementor-element-b968541 elementor-widget elementor-widget-image\" data-id=\"b968541\" data-element_type=\"widget\" data-e-type=\"widget\" data-widget_type=\"image.default\">\n\t\t\t\t<div class=\"elementor-widget-container\">\n\t\t\t\t\t\t\t\t\t\t\t\t\t\t\t<img fetchpriority=\"high\" decoding=\"async\" width=\"800\" height=\"443\" src=\"https:\/\/oe20.ch\/wp-content\/uploads\/2025\/01\/Unternehmens-Purpose-IKIGAI-Workshop-1024x567.png\" class=\"attachment-large size-large wp-image-11\" alt=\"\" srcset=\"https:\/\/oe20.ch\/wp-content\/uploads\/2025\/01\/Unternehmens-Purpose-IKIGAI-Workshop-1024x567.png 1024w, https:\/\/oe20.ch\/wp-content\/uploads\/2025\/01\/Unternehmens-Purpose-IKIGAI-Workshop-300x166.png 300w, https:\/\/oe20.ch\/wp-content\/uploads\/2025\/01\/Unternehmens-Purpose-IKIGAI-Workshop-768x425.png 768w, https:\/\/oe20.ch\/wp-content\/uploads\/2025\/01\/Unternehmens-Purpose-IKIGAI-Workshop.png 1197w\" sizes=\"(max-width: 800px) 100vw, 800px\" \/>\t\t\t\t\t\t\t\t\t\t\t\t\t\t\t<\/div>\n\t\t\t\t<\/div>\n\t\t\t\t<\/div>\n\t\t<div class=\"elementor-element elementor-element-17d9574 e-con-full e-flex e-con e-child\" data-id=\"17d9574\" data-element_type=\"container\" data-e-type=\"container\">\n\t\t<div class=\"elementor-element elementor-element-ba9db5b e-con-full e-flex e-con e-child\" data-id=\"ba9db5b\" data-element_type=\"container\" data-e-type=\"container\">\n\t\t\t\t<div class=\"elementor-element elementor-element-97d4d9c elementor-widget__width-auto elementor-widget elementor-widget-heading\" data-id=\"97d4d9c\" data-element_type=\"widget\" data-e-type=\"widget\" data-widget_type=\"heading.default\">\n\t\t\t\t<div class=\"elementor-widget-container\">\n\t\t\t\t\t<h2 class=\"elementor-heading-title elementor-size-default\">Organisationsentwicklung 2.0\nf\u00fcr kleine und grosse KMUs<\/h2>\t\t\t\t<\/div>\n\t\t\t\t<\/div>\n\t\t\t\t<div class=\"elementor-element elementor-element-774a23a elementor-widget elementor-widget-text-editor\" data-id=\"774a23a\" data-element_type=\"widget\" data-e-type=\"widget\" data-widget_type=\"text-editor.default\">\n\t\t\t\t<div class=\"elementor-widget-container\">\n\t\t\t\t\t\t\t\t\t<p>Mittels demokratischer Prozesse Mitarbeitende bef\u00e4higen, Organisation und Firmenkultur laufend zu verbessern<\/p><ul><li>Innovationskraft erh\u00f6hen<\/li><li>Unternehmenskultur attraktiver machen<\/li><li>Wettbewerbsf\u00e4higkeit st\u00e4rken<\/li><\/ul>\t\t\t\t\t\t\t\t<\/div>\n\t\t\t\t<\/div>\n\t\t\t\t<div class=\"elementor-element elementor-element-155d8f1 elementor-align-center elementor-widget elementor-widget-button\" data-id=\"155d8f1\" data-element_type=\"widget\" data-e-type=\"widget\" data-widget_type=\"button.default\">\n\t\t\t\t<div class=\"elementor-widget-container\">\n\t\t\t\t\t\t\t\t\t<div class=\"elementor-button-wrapper\">\n\t\t\t\t\t<a class=\"elementor-button elementor-button-link elementor-size-sm\" href=\"#\">\n\t\t\t\t\t\t<span class=\"elementor-button-content-wrapper\">\n\t\t\t\t\t\t<span class=\"elementor-button-icon\">\n\t\t\t\t<svg aria-hidden=\"true\" class=\"e-font-icon-svg e-fas-angle-right\" viewBox=\"0 0 256 512\" xmlns=\"http:\/\/www.w3.org\/2000\/svg\"><path d=\"M224.3 273l-136 136c-9.4 9.4-24.6 9.4-33.9 0l-22.6-22.6c-9.4-9.4-9.4-24.6 0-33.9l96.4-96.4-96.4-96.4c-9.4-9.4-9.4-24.6 0-33.9L54.3 103c9.4-9.4 24.6-9.4 33.9 0l136 136c9.5 9.4 9.5 24.6.1 34z\"><\/path><\/svg>\t\t\t<\/span>\n\t\t\t\t\t\t\t\t\t<span class=\"elementor-button-text\">Mehr erfahren<\/span>\n\t\t\t\t\t<\/span>\n\t\t\t\t\t<\/a>\n\t\t\t\t<\/div>\n\t\t\t\t\t\t\t\t<\/div>\n\t\t\t\t<\/div>\n\t\t\t\t<\/div>\n\t\t\t\t<\/div>\n\t\t\t\t<\/div>\n\t\t<div class=\"elementor-element elementor-element-f6dcb71 e-con-full e-flex e-con e-parent\" data-id=\"f6dcb71\" data-element_type=\"container\" data-e-type=\"container\">\n\t\t<div class=\"elementor-element elementor-element-7089c4c e-con-full e-flex e-con e-child\" data-id=\"7089c4c\" data-element_type=\"container\" data-e-type=\"container\">\n\t\t<div class=\"elementor-element elementor-element-6d5ed2c e-con-full e-flex e-con e-child\" data-id=\"6d5ed2c\" data-element_type=\"container\" data-e-type=\"container\">\n\t\t\t\t<div class=\"elementor-element elementor-element-5436714 elementor-widget__width-auto elementor-widget elementor-widget-heading\" data-id=\"5436714\" data-element_type=\"widget\" data-e-type=\"widget\" data-widget_type=\"heading.default\">\n\t\t\t\t<div class=\"elementor-widget-container\">\n\t\t\t\t\t<h2 class=\"elementor-heading-title elementor-size-default\">Organisationsentwicklung 2.0\nf\u00fcr Nachfolgeregelung<\/h2>\t\t\t\t<\/div>\n\t\t\t\t<\/div>\n\t\t\t\t<div class=\"elementor-element elementor-element-0edd566 elementor-widget elementor-widget-text-editor\" data-id=\"0edd566\" data-element_type=\"widget\" data-e-type=\"widget\" data-widget_type=\"text-editor.default\">\n\t\t\t\t<div class=\"elementor-widget-container\">\n\t\t\t\t\t\t\t\t\t<p>Mittels demokratischer Strukturen und Prozesse die Nachfolge sicherstellen<\/p><ul><li>Mitarbeitende \u00fcbernehmen die Firma in kollegialer F\u00fchrung<\/li><\/ul>\t\t\t\t\t\t\t\t<\/div>\n\t\t\t\t<\/div>\n\t\t\t\t<div class=\"elementor-element elementor-element-e9538f6 elementor-align-center elementor-widget elementor-widget-button\" data-id=\"e9538f6\" data-element_type=\"widget\" data-e-type=\"widget\" data-widget_type=\"button.default\">\n\t\t\t\t<div class=\"elementor-widget-container\">\n\t\t\t\t\t\t\t\t\t<div class=\"elementor-button-wrapper\">\n\t\t\t\t\t<a class=\"elementor-button elementor-button-link elementor-size-sm\" href=\"#\">\n\t\t\t\t\t\t<span class=\"elementor-button-content-wrapper\">\n\t\t\t\t\t\t<span class=\"elementor-button-icon\">\n\t\t\t\t<svg aria-hidden=\"true\" class=\"e-font-icon-svg e-fas-angle-right\" viewBox=\"0 0 256 512\" xmlns=\"http:\/\/www.w3.org\/2000\/svg\"><path d=\"M224.3 273l-136 136c-9.4 9.4-24.6 9.4-33.9 0l-22.6-22.6c-9.4-9.4-9.4-24.6 0-33.9l96.4-96.4-96.4-96.4c-9.4-9.4-9.4-24.6 0-33.9L54.3 103c9.4-9.4 24.6-9.4 33.9 0l136 136c9.5 9.4 9.5 24.6.1 34z\"><\/path><\/svg>\t\t\t<\/span>\n\t\t\t\t\t\t\t\t\t<span class=\"elementor-button-text\">Mehr erfahren<\/span>\n\t\t\t\t\t<\/span>\n\t\t\t\t\t<\/a>\n\t\t\t\t<\/div>\n\t\t\t\t\t\t\t\t<\/div>\n\t\t\t\t<\/div>\n\t\t\t\t<\/div>\n\t\t\t\t<\/div>\n\t\t<div class=\"elementor-element elementor-element-c7f62a8 e-con-full e-flex e-con e-child\" data-id=\"c7f62a8\" data-element_type=\"container\" data-e-type=\"container\">\n\t\t\t\t<div class=\"elementor-element elementor-element-6885679 elementor-widget elementor-widget-image\" data-id=\"6885679\" data-element_type=\"widget\" data-e-type=\"widget\" data-widget_type=\"image.default\">\n\t\t\t\t<div class=\"elementor-widget-container\">\n\t\t\t\t\t\t\t\t\t\t\t\t\t\t\t<img decoding=\"async\" width=\"800\" height=\"450\" src=\"https:\/\/oe20.ch\/wp-content\/uploads\/2025\/01\/Ralph_Hoefliger_Moderation_Nachfolge_cr-1024x576.webp\" class=\"attachment-large size-large wp-image-25\" alt=\"\" srcset=\"https:\/\/oe20.ch\/wp-content\/uploads\/2025\/01\/Ralph_Hoefliger_Moderation_Nachfolge_cr-1024x576.webp 1024w, https:\/\/oe20.ch\/wp-content\/uploads\/2025\/01\/Ralph_Hoefliger_Moderation_Nachfolge_cr-300x169.webp 300w, https:\/\/oe20.ch\/wp-content\/uploads\/2025\/01\/Ralph_Hoefliger_Moderation_Nachfolge_cr-768x432.webp 768w, https:\/\/oe20.ch\/wp-content\/uploads\/2025\/01\/Ralph_Hoefliger_Moderation_Nachfolge_cr-1536x864.webp 1536w, https:\/\/oe20.ch\/wp-content\/uploads\/2025\/01\/Ralph_Hoefliger_Moderation_Nachfolge_cr-scaled.webp 1920w\" sizes=\"(max-width: 800px) 100vw, 800px\" \/>\t\t\t\t\t\t\t\t\t\t\t\t\t\t\t<\/div>\n\t\t\t\t<\/div>\n\t\t\t\t<\/div>\n\t\t\t\t<\/div>\n\t\t\t\t<\/div>\n\t\t","protected":false},"excerpt":{"rendered":"<p>https:\/\/oe20.ch\/wp-content\/uploads\/2025\/01\/OE-Wissen-veroeffentlichen-Folge-2-b-Repetition-OE1-OE2_1920x1080.mp4#t=1 Das Angebot Organisationsentwicklung 2.0 f\u00fcr kleine und grosse KMUs Mittels demokratischer Prozesse Mitarbeitende bef\u00e4higen, Organisation und Firmenkultur laufend zu verbessern Innovationskraft erh\u00f6hen Unternehmenskultur attraktiver machen Wettbewerbsf\u00e4higkeit st\u00e4rken Mehr erfahren Organisationsentwicklung 2.0 f\u00fcr Nachfolgeregelung Mittels demokratischer Strukturen und Prozesse die Nachfolge sicherstellen Mitarbeitende \u00fcbernehmen die Firma in kollegialer F\u00fchrung Mehr erfahren<\/p>\n","protected":false},"author":1,"featured_media":0,"parent":0,"menu_order":0,"comment_status":"closed","ping_status":"closed","template":"","meta":{"footnotes":""},"class_list":["post-8","page","type-page","status-publish","hentry"],"yoast_head":"<!-- This site is optimized with the Yoast SEO plugin v27.4 - https:\/\/yoast.com\/product\/yoast-seo-wordpress\/ -->\n<title>Organisationsentwicklung 2.0 - organisiere die Selbst-Organisation! -<\/title>\n<meta name=\"robots\" content=\"index, follow, max-snippet:-1, max-image-preview:large, max-video-preview:-1\" \/>\n<link rel=\"canonical\" href=\"https:\/\/oe20.ch\/\" \/>\n<meta property=\"og:locale\" content=\"de_DE\" \/>\n<meta property=\"og:type\" content=\"article\" \/>\n<meta property=\"og:title\" content=\"Organisationsentwicklung 2.0 - organisiere die Selbst-Organisation! -\" \/>\n<meta property=\"og:description\" content=\"https:\/\/oe20.ch\/wp-content\/uploads\/2025\/01\/OE-Wissen-veroeffentlichen-Folge-2-b-Repetition-OE1-OE2_1920x1080.mp4#t=1 Das Angebot Organisationsentwicklung 2.0 f\u00fcr kleine und grosse KMUs Mittels demokratischer Prozesse Mitarbeitende bef\u00e4higen, Organisation und Firmenkultur laufend zu verbessern Innovationskraft erh\u00f6hen Unternehmenskultur attraktiver machen Wettbewerbsf\u00e4higkeit st\u00e4rken Mehr erfahren Organisationsentwicklung 2.0 f\u00fcr Nachfolgeregelung Mittels demokratischer Strukturen und Prozesse die Nachfolge sicherstellen Mitarbeitende \u00fcbernehmen die Firma in kollegialer F\u00fchrung Mehr erfahren\" \/>\n<meta property=\"og:url\" content=\"https:\/\/oe20.ch\/\" \/>\n<meta property=\"article:modified_time\" content=\"2025-01-31T13:24:56+00:00\" \/>\n<meta property=\"og:image\" content=\"https:\/\/oe20.ch\/wp-content\/uploads\/2025\/01\/Unternehmens-Purpose-IKIGAI-Workshop-1024x567.png\" \/>\n<meta name=\"twitter:card\" content=\"summary_large_image\" \/>\n<meta name=\"twitter:label1\" content=\"Gesch\u00e4tzte Lesezeit\" \/>\n\t<meta name=\"twitter:data1\" content=\"1\u00a0Minute\" \/>\n<script type=\"application\/ld+json\" class=\"yoast-schema-graph\">{\"@context\":\"https:\\\/\\\/schema.org\",\"@graph\":[{\"@type\":\"WebPage\",\"@id\":\"https:\\\/\\\/oe20.ch\\\/\",\"url\":\"https:\\\/\\\/oe20.ch\\\/\",\"name\":\"Organisationsentwicklung 2.0 - organisiere die Selbst-Organisation! -\",\"isPartOf\":{\"@id\":\"https:\\\/\\\/oe20.ch\\\/#website\"},\"primaryImageOfPage\":{\"@id\":\"https:\\\/\\\/oe20.ch\\\/#primaryimage\"},\"image\":{\"@id\":\"https:\\\/\\\/oe20.ch\\\/#primaryimage\"},\"thumbnailUrl\":\"https:\\\/\\\/oe20.ch\\\/wp-content\\\/uploads\\\/2025\\\/01\\\/Unternehmens-Purpose-IKIGAI-Workshop-1024x567.png\",\"datePublished\":\"2025-01-30T19:20:22+00:00\",\"dateModified\":\"2025-01-31T13:24:56+00:00\",\"breadcrumb\":{\"@id\":\"https:\\\/\\\/oe20.ch\\\/#breadcrumb\"},\"inLanguage\":\"de\",\"potentialAction\":[{\"@type\":\"ReadAction\",\"target\":[\"https:\\\/\\\/oe20.ch\\\/\"]}]},{\"@type\":\"ImageObject\",\"inLanguage\":\"de\",\"@id\":\"https:\\\/\\\/oe20.ch\\\/#primaryimage\",\"url\":\"https:\\\/\\\/oe20.ch\\\/wp-content\\\/uploads\\\/2025\\\/01\\\/Unternehmens-Purpose-IKIGAI-Workshop.png\",\"contentUrl\":\"https:\\\/\\\/oe20.ch\\\/wp-content\\\/uploads\\\/2025\\\/01\\\/Unternehmens-Purpose-IKIGAI-Workshop.png\",\"width\":1197,\"height\":663},{\"@type\":\"BreadcrumbList\",\"@id\":\"https:\\\/\\\/oe20.ch\\\/#breadcrumb\",\"itemListElement\":[{\"@type\":\"ListItem\",\"position\":1,\"name\":\"Startseite\",\"item\":\"https:\\\/\\\/oe20.ch\\\/\"},{\"@type\":\"ListItem\",\"position\":2,\"name\":\"Organisationsentwicklung 2.0 &#8211; organisiere die Selbst-Organisation!\"}]},{\"@type\":\"WebSite\",\"@id\":\"https:\\\/\\\/oe20.ch\\\/#website\",\"url\":\"https:\\\/\\\/oe20.ch\\\/\",\"name\":\"\",\"description\":\"\",\"potentialAction\":[{\"@type\":\"SearchAction\",\"target\":{\"@type\":\"EntryPoint\",\"urlTemplate\":\"https:\\\/\\\/oe20.ch\\\/?s={search_term_string}\"},\"query-input\":{\"@type\":\"PropertyValueSpecification\",\"valueRequired\":true,\"valueName\":\"search_term_string\"}}],\"inLanguage\":\"de\"}]}<\/script>\n<!-- \/ Yoast SEO plugin. -->","yoast_head_json":{"title":"Organisationsentwicklung 2.0 - organisiere die Selbst-Organisation! -","robots":{"index":"index","follow":"follow","max-snippet":"max-snippet:-1","max-image-preview":"max-image-preview:large","max-video-preview":"max-video-preview:-1"},"canonical":"https:\/\/oe20.ch\/","og_locale":"de_DE","og_type":"article","og_title":"Organisationsentwicklung 2.0 - organisiere die Selbst-Organisation! -","og_description":"https:\/\/oe20.ch\/wp-content\/uploads\/2025\/01\/OE-Wissen-veroeffentlichen-Folge-2-b-Repetition-OE1-OE2_1920x1080.mp4#t=1 Das Angebot Organisationsentwicklung 2.0 f\u00fcr kleine und grosse KMUs Mittels demokratischer Prozesse Mitarbeitende bef\u00e4higen, Organisation und Firmenkultur laufend zu verbessern Innovationskraft erh\u00f6hen Unternehmenskultur attraktiver machen Wettbewerbsf\u00e4higkeit st\u00e4rken Mehr erfahren Organisationsentwicklung 2.0 f\u00fcr Nachfolgeregelung Mittels demokratischer Strukturen und Prozesse die Nachfolge sicherstellen Mitarbeitende \u00fcbernehmen die Firma in kollegialer F\u00fchrung Mehr erfahren","og_url":"https:\/\/oe20.ch\/","article_modified_time":"2025-01-31T13:24:56+00:00","og_image":[{"url":"https:\/\/oe20.ch\/wp-content\/uploads\/2025\/01\/Unternehmens-Purpose-IKIGAI-Workshop-1024x567.png","type":"","width":"","height":""}],"twitter_card":"summary_large_image","twitter_misc":{"Gesch\u00e4tzte Lesezeit":"1\u00a0Minute"},"schema":{"@context":"https:\/\/schema.org","@graph":[{"@type":"WebPage","@id":"https:\/\/oe20.ch\/","url":"https:\/\/oe20.ch\/","name":"Organisationsentwicklung 2.0 - organisiere die Selbst-Organisation! -","isPartOf":{"@id":"https:\/\/oe20.ch\/#website"},"primaryImageOfPage":{"@id":"https:\/\/oe20.ch\/#primaryimage"},"image":{"@id":"https:\/\/oe20.ch\/#primaryimage"},"thumbnailUrl":"https:\/\/oe20.ch\/wp-content\/uploads\/2025\/01\/Unternehmens-Purpose-IKIGAI-Workshop-1024x567.png","datePublished":"2025-01-30T19:20:22+00:00","dateModified":"2025-01-31T13:24:56+00:00","breadcrumb":{"@id":"https:\/\/oe20.ch\/#breadcrumb"},"inLanguage":"de","potentialAction":[{"@type":"ReadAction","target":["https:\/\/oe20.ch\/"]}]},{"@type":"ImageObject","inLanguage":"de","@id":"https:\/\/oe20.ch\/#primaryimage","url":"https:\/\/oe20.ch\/wp-content\/uploads\/2025\/01\/Unternehmens-Purpose-IKIGAI-Workshop.png","contentUrl":"https:\/\/oe20.ch\/wp-content\/uploads\/2025\/01\/Unternehmens-Purpose-IKIGAI-Workshop.png","width":1197,"height":663},{"@type":"BreadcrumbList","@id":"https:\/\/oe20.ch\/#breadcrumb","itemListElement":[{"@type":"ListItem","position":1,"name":"Startseite","item":"https:\/\/oe20.ch\/"},{"@type":"ListItem","position":2,"name":"Organisationsentwicklung 2.0 &#8211; organisiere die Selbst-Organisation!"}]},{"@type":"WebSite","@id":"https:\/\/oe20.ch\/#website","url":"https:\/\/oe20.ch\/","name":"","description":"","potentialAction":[{"@type":"SearchAction","target":{"@type":"EntryPoint","urlTemplate":"https:\/\/oe20.ch\/?s={search_term_string}"},"query-input":{"@type":"PropertyValueSpecification","valueRequired":true,"valueName":"search_term_string"}}],"inLanguage":"de"}]}},"jetpack_sharing_enabled":true,"_links":{"self":[{"href":"https:\/\/oe20.ch\/index.php?rest_route=\/wp\/v2\/pages\/8","targetHints":{"allow":["GET"]}}],"collection":[{"href":"https:\/\/oe20.ch\/index.php?rest_route=\/wp\/v2\/pages"}],"about":[{"href":"https:\/\/oe20.ch\/index.php?rest_route=\/wp\/v2\/types\/page"}],"author":[{"embeddable":true,"href":"https:\/\/oe20.ch\/index.php?rest_route=\/wp\/v2\/users\/1"}],"replies":[{"embeddable":true,"href":"https:\/\/oe20.ch\/index.php?rest_route=%2Fwp%2Fv2%2Fcomments&post=8"}],"version-history":[{"count":17,"href":"https:\/\/oe20.ch\/index.php?rest_route=\/wp\/v2\/pages\/8\/revisions"}],"predecessor-version":[{"id":48,"href":"https:\/\/oe20.ch\/index.php?rest_route=\/wp\/v2\/pages\/8\/revisions\/48"}],"wp:attachment":[{"href":"https:\/\/oe20.ch\/index.php?rest_route=%2Fwp%2Fv2%2Fmedia&parent=8"}],"curies":[{"name":"wp","href":"https:\/\/api.w.org\/{rel}","templated":true}]}}